{"id":82,"date":"2024-05-22T23:04:29","date_gmt":"2024-05-22T21:04:29","guid":{"rendered":"https:\/\/vrtine-polak.si\/?page_id=82"},"modified":"2024-05-22T23:49:29","modified_gmt":"2024-05-22T21:49:29","slug":"horizontalne-vrtine","status":"publish","type":"page","link":"https:\/\/vrtine-polak.si\/?page_id=82","title":{"rendered":"Horizontalne vrtine"},"content":{"rendered":"<p>[et_pb_section fb_built=&#8221;1&#8243; fullwidth=&#8221;on&#8221; _builder_version=&#8221;4.25.1&#8243; _module_preset=&#8221;default&#8221; global_module=&#8221;79&#8243; saved_tabs=&#8221;all&#8221; global_colors_info=&#8221;{}&#8221;][et_pb_fullwidth_header title=&#8221;Vrtine Polak &#8211; Andrej Polak s.p.&#8221; _builder_version=&#8221;4.25.1&#8243; _module_preset=&#8221;default&#8221; title_font=&#8221;|700|||||||&#8221; title_text_color=&#8221;#7CDA24&#8243; background_color=&#8221;#FFFFFF&#8221; global_colors_info=&#8221;{}&#8221;][\/et_pb_fullwidth_header][et_pb_fullwidth_image src=&#8221;http:\/\/vrtine-polak.si\/wp-content\/uploads\/2024\/05\/header-2.png&#8221; title_text=&#8221;header&#8221; _builder_version=&#8221;4.25.1&#8243; _module_preset=&#8221;default&#8221; height=&#8221;465px&#8221; custom_margin=&#8221;-120px||||false|false&#8221; global_colors_info=&#8221;{}&#8221;][\/et_pb_fullwidth_image][\/et_pb_section][et_pb_section fb_built=&#8221;1&#8243; _builder_version=&#8221;4.25.1&#8243; _module_preset=&#8221;default&#8221; background_color=&#8221;rgba(166,214,36,0.46)&#8221; height=&#8221;100px&#8221; max_height=&#8221;100px&#8221; custom_margin=&#8221;-165px||||false|false&#8221; custom_padding=&#8221;0px||0px||false|false&#8221; global_colors_info=&#8221;{}&#8221;][et_pb_row column_structure=&#8221;1_6,1_6,1_6,1_6,1_6,1_6&#8243; _builder_version=&#8221;4.25.1&#8243; _module_preset=&#8221;default&#8221; custom_padding=&#8221;30px||||false|false&#8221; global_colors_info=&#8221;{}&#8221;][et_pb_column type=&#8221;1_6&#8243; _builder_version=&#8221;4.25.1&#8243; _module_preset=&#8221;default&#8221; global_colors_info=&#8221;{}&#8221;][et_pb_button button_url=&#8221;@ET-DC@eyJkeW5hbWljIjp0cnVlLCJjb250ZW50IjoicG9zdF9saW5rX3VybF9wYWdlIiwic2V0dGluZ3MiOnsicG9zdF9pZCI6IjMwIn19@&#8221; button_text=&#8221;Predstavitev&#8221; button_alignment=&#8221;center&#8221; _builder_version=&#8221;4.25.1&#8243; _dynamic_attributes=&#8221;button_url&#8221; _module_preset=&#8221;default&#8221; custom_button=&#8221;on&#8221; button_text_size=&#8221;18px&#8221; button_text_color=&#8221;#000000&#8243; button_bg_color=&#8221;rgba(228,232,39,0.58)&#8221; button_border_color=&#8221;#5c9619&#8243; button_border_radius=&#8221;0px&#8221; button_letter_spacing=&#8221;0px&#8221; button_font=&#8221;|600|||||||&#8221; button_use_icon=&#8221;off&#8221; custom_margin=&#8221;||0px||false|false&#8221; custom_padding=&#8221;17px|0px||0px|false|false&#8221; custom_css_main_element=&#8221;border-top-right-radius: 8px !important;||border-top-left-radius: 8px !important;||border-bottom-right-radius: 0px !important;||border-bottom-left-radius: 0px !important;||border-width: 3px 3px 0px 3px !important;||height: 70px !important;||width: 135px !important;||&#8221; global_colors_info=&#8221;{}&#8221; button_letter_spacing__hover_enabled=&#8221;on|desktop&#8221; button_bg_color__hover_enabled=&#8221;on|hover&#8221; button_bg_color__hover=&#8221;#e4e827&#8243; button_bg_enable_color__hover=&#8221;on&#8221; button_letter_spacing__hover=&#8221;0px&#8221;][\/et_pb_button][\/et_pb_column][et_pb_column type=&#8221;1_6&#8243; _builder_version=&#8221;4.25.1&#8243; _module_preset=&#8221;default&#8221; global_colors_info=&#8221;{}&#8221;][et_pb_button button_url=&#8221;@ET-DC@eyJkeW5hbWljIjp0cnVlLCJjb250ZW50IjoicG9zdF9saW5rX3VybF9wYWdlIiwic2V0dGluZ3MiOnsicG9zdF9pZCI6IjgyIn19@&#8221; button_text=&#8221;Horizontalne vrtine&#8221; button_alignment=&#8221;center&#8221; _builder_version=&#8221;4.25.1&#8243; _dynamic_attributes=&#8221;button_url&#8221; _module_preset=&#8221;default&#8221; custom_button=&#8221;on&#8221; button_text_size=&#8221;18px&#8221; button_text_color=&#8221;#000000&#8243; button_bg_color=&#8221;#FFFFFF&#8221; button_border_color=&#8221;#5c9619&#8243; button_border_radius=&#8221;0px&#8221; button_letter_spacing=&#8221;0px&#8221; button_font=&#8221;|600|||||||&#8221; button_use_icon=&#8221;off&#8221; custom_margin=&#8221;|||-45px|false|false&#8221; custom_padding=&#8221;17px||||false|false&#8221; custom_css_main_element=&#8221;border-top-right-radius: 8px !important;||border-top-left-radius: 8px !important;||border-bottom-right-radius: 0px !important;||border-bottom-left-radius: 0px !important;||border-width: 3px 3px 0px 3px !important;||height: 70px !important;||width: 220px !important;&#8221; global_colors_info=&#8221;{}&#8221; button_letter_spacing__hover_enabled=&#8221;on|desktop&#8221; button_bg_color__hover_enabled=&#8221;on|hover&#8221; button_bg_color__hover=&#8221;#e4e827&#8243; button_bg_enable_color__hover=&#8221;on&#8221; button_letter_spacing__hover=&#8221;0px&#8221;][\/et_pb_button][\/et_pb_column][et_pb_column type=&#8221;1_6&#8243; _builder_version=&#8221;4.25.1&#8243; _module_preset=&#8221;default&#8221; global_colors_info=&#8221;{}&#8221;][et_pb_button button_url=&#8221;@ET-DC@eyJkeW5hbWljIjp0cnVlLCJjb250ZW50IjoicG9zdF9saW5rX3VybF9wYWdlIiwic2V0dGluZ3MiOnsicG9zdF9pZCI6Ijg0In19@&#8221; button_text=&#8221;Vertikalne vrtine&#8221; button_alignment=&#8221;center&#8221; _builder_version=&#8221;4.25.1&#8243; _dynamic_attributes=&#8221;button_url&#8221; _module_preset=&#8221;default&#8221; custom_button=&#8221;on&#8221; button_text_size=&#8221;18px&#8221; button_text_color=&#8221;#000000&#8243; button_bg_color=&#8221;rgba(228,232,39,0.58)&#8221; button_border_color=&#8221;#5c9619&#8243; button_border_radius=&#8221;0px&#8221; button_letter_spacing=&#8221;0px&#8221; button_font=&#8221;|600|||||||&#8221; button_use_icon=&#8221;off&#8221; custom_margin=&#8221;|||-6px|false|false&#8221; custom_padding=&#8221;17px||||false|false&#8221; custom_css_main_element=&#8221;border-top-right-radius: 8px !important;||border-top-left-radius: 8px !important;||border-bottom-right-radius: 0px !important;||border-bottom-left-radius: 0px !important;||border-width: 3px 3px 0px 3px !important;||height: 70px !important;||width: 200px !important;||&#8221; global_colors_info=&#8221;{}&#8221; button_letter_spacing__hover_enabled=&#8221;on|desktop&#8221; button_bg_color__hover_enabled=&#8221;on|hover&#8221; button_bg_color__hover=&#8221;#e4e827&#8243; button_bg_enable_color__hover=&#8221;on&#8221; button_letter_spacing__hover=&#8221;0px&#8221;][\/et_pb_button][\/et_pb_column][et_pb_column type=&#8221;1_6&#8243; _builder_version=&#8221;4.25.1&#8243; _module_preset=&#8221;default&#8221; global_colors_info=&#8221;{}&#8221;][et_pb_button button_url=&#8221;@ET-DC@eyJkeW5hbWljIjp0cnVlLCJjb250ZW50IjoicG9zdF9saW5rX3VybF9wYWdlIiwic2V0dGluZ3MiOnsicG9zdF9pZCI6Ijg2In19@&#8221; button_text=&#8221;Zemeljska gradbena dela&#8221; button_alignment=&#8221;center&#8221; _builder_version=&#8221;4.25.1&#8243; _dynamic_attributes=&#8221;button_url&#8221; _module_preset=&#8221;default&#8221; custom_button=&#8221;on&#8221; button_text_size=&#8221;18px&#8221; button_text_color=&#8221;#000000&#8243; button_bg_color=&#8221;rgba(228,232,39,0.58)&#8221; button_border_color=&#8221;#5c9619&#8243; button_border_radius=&#8221;0px&#8221; button_letter_spacing=&#8221;0px&#8221; button_font=&#8221;|600|||||||&#8221; button_use_icon=&#8221;off&#8221; custom_margin=&#8221;|||13px|false|false&#8221; custom_padding=&#8221;17px|0px|0px|0px|false|false&#8221; custom_css_main_element=&#8221;border-top-right-radius: 8px !important;||border-top-left-radius: 8px !important;||border-bottom-right-radius: 0px !important;||border-bottom-left-radius: 0px !important;||border-width: 3px 3px 0px 3px !important;||height: 70px !important;||width: 250px !important;||&#8221; global_colors_info=&#8221;{}&#8221; button_letter_spacing__hover_enabled=&#8221;on|desktop&#8221; button_bg_color__hover_enabled=&#8221;on|hover&#8221; button_bg_color__hover=&#8221;#e4e827&#8243; button_bg_enable_color__hover=&#8221;on&#8221; button_letter_spacing__hover=&#8221;0px&#8221;][\/et_pb_button][\/et_pb_column][et_pb_column type=&#8221;1_6&#8243; _builder_version=&#8221;4.25.1&#8243; _module_preset=&#8221;default&#8221; global_colors_info=&#8221;{}&#8221;][et_pb_button button_url=&#8221;@ET-DC@eyJkeW5hbWljIjp0cnVlLCJjb250ZW50IjoicG9zdF9saW5rX3VybF9wYWdlIiwic2V0dGluZ3MiOnsicG9zdF9pZCI6Ijg4In19@&#8221; button_text=&#8221;Kontakt&#8221; button_alignment=&#8221;center&#8221; _builder_version=&#8221;4.25.1&#8243; _dynamic_attributes=&#8221;button_url&#8221; _module_preset=&#8221;default&#8221; custom_button=&#8221;on&#8221; button_text_size=&#8221;18px&#8221; button_text_color=&#8221;#000000&#8243; button_bg_color=&#8221;rgba(228,232,39,0.58)&#8221; button_border_color=&#8221;#5c9619&#8243; button_border_radius=&#8221;0px&#8221; button_letter_spacing=&#8221;0px&#8221; button_font=&#8221;|600|||||||&#8221; button_use_icon=&#8221;off&#8221; custom_margin=&#8221;|||82px|false|false&#8221; custom_padding=&#8221;17px|0px||0px|false|false&#8221; custom_css_main_element=&#8221;border-top-right-radius: 8px !important;||border-top-left-radius: 8px !important;||border-bottom-right-radius: 0px !important;||border-bottom-left-radius: 0px !important;||border-width: 3px 3px 0px 3px !important;||height: 70px !important;||width: 100px !important;||&#8221; global_colors_info=&#8221;{}&#8221; button_letter_spacing__hover_enabled=&#8221;on|desktop&#8221; button_bg_color__hover_enabled=&#8221;on|hover&#8221; button_bg_color__hover=&#8221;#e4e827&#8243; button_bg_enable_color__hover=&#8221;on&#8221; button_letter_spacing__hover=&#8221;0px&#8221;][\/et_pb_button][\/et_pb_column][et_pb_column type=&#8221;1_6&#8243; _builder_version=&#8221;4.25.1&#8243; _module_preset=&#8221;default&#8221; global_colors_info=&#8221;{}&#8221;][et_pb_button button_text=&#8221;Reference&#8221; _builder_version=&#8221;4.25.1&#8243; _module_preset=&#8221;default&#8221; custom_button=&#8221;on&#8221; button_text_size=&#8221;18px&#8221; button_text_color=&#8221;#000000&#8243; button_bg_color=&#8221;rgba(228,232,39,0.58)&#8221; button_border_color=&#8221;#5c9619&#8243; button_border_radius=&#8221;0px&#8221; button_letter_spacing=&#8221;0px&#8221; button_font=&#8221;|600|||||||&#8221; button_use_icon=&#8221;off&#8221; custom_padding=&#8221;17px||0px||false|false&#8221; hover_enabled=&#8221;0&#8243; custom_css_main_element=&#8221;border-top-right-radius: 8px !important;||border-top-left-radius: 8px !important;||border-bottom-right-radius: 0px !important;||border-bottom-left-radius: 0px !important;||border-width: 3px 3px 0px 3px !important;||height: 70px !important;||width: 126px\t !important;||&#8221; global_colors_info=&#8221;{}&#8221; button_letter_spacing__hover_enabled=&#8221;on|desktop&#8221; button_bg_color__hover_enabled=&#8221;on|hover&#8221; button_bg_color__hover=&#8221;#e4e827&#8243; button_bg_enable_color__hover=&#8221;on&#8221; button_letter_spacing__hover=&#8221;0px&#8221; button_url=&#8221;@ET-DC@eyJkeW5hbWljIjp0cnVlLCJjb250ZW50IjoicG9zdF9saW5rX3VybF9wYWdlIiwic2V0dGluZ3MiOnsicG9zdF9pZCI6IjkwIn19@&#8221; _dynamic_attributes=&#8221;button_url&#8221; sticky_enabled=&#8221;0&#8243;][\/et_pb_button][\/et_pb_column][\/et_pb_row][et_pb_row _builder_version=&#8221;4.25.1&#8243; _module_preset=&#8221;default&#8221; global_colors_info=&#8221;{}&#8221;][et_pb_column type=&#8221;4_4&#8243; _builder_version=&#8221;4.25.1&#8243; _module_preset=&#8221;default&#8221; global_colors_info=&#8221;{}&#8221;][et_pb_text _builder_version=&#8221;4.25.1&#8243; _module_preset=&#8221;default&#8221; custom_margin=&#8221;||20px||false|false&#8221; global_colors_info=&#8221;{}&#8221;]<\/p>\n<h1 class=\"art-postheader\">Horizontalne vrtine<\/h1>\n<p>&nbsp;<\/p>\n<div class=\"art-postcontent art-postcontent-0 clearfix\">\n<p>Preboj s potiskanjem kovinske za\u0161\u010ditne cevi v zemljini od II. do IV. ktg.<\/p>\n<p>Podvrtavanje se izvaja po sistemu nabijanja za\u0161\u010ditne kovinske cevi. Izdelava tak\u0161nih podbojev je mo\u017ena v zemljini II, III in IV. ktg. (zemlja, ilovica, prod, kamenje manj\u0161ih frakcij, mulj &#8230;). Mo\u017eno ga je izvesti na minimalni globini pod cesti\u0161\u010dem, \u017eeleznico &#8230; Tehnologija je primerna za izvedbo pre\u010dkanj pri izgradnji vodovodov, kanalizacij, plinovodov, elektronapeljav, telekomunikacij &#8230;<\/p>\n<p>Premer vgrajene kovinske cevi je lahko od 50 mm do 2000 mm. Dol\u017eina vrtine je odvisna od ktg. zemljine, ter premera cevi.<\/p>\n<p><img loading=\"lazy\" decoding=\"async\" class=\"wp-image-181 size-full alignnone\" src=\"http:\/\/vrtine-polak.si\/wp-content\/uploads\/2024\/05\/horizont0.jpg\" alt=\"\" width=\"590\" height=\"218\" srcset=\"http:\/\/vrtine-polak.si\/wp-content\/uploads\/2024\/05\/horizont0.jpg 590w, http:\/\/vrtine-polak.si\/wp-content\/uploads\/2024\/05\/horizont0-480x177.jpg 480w\" sizes=\"auto, (min-width: 0px) and (max-width: 480px) 480px, (min-width: 481px) 590px, 100vw\" \/><\/p>\n<\/div>\n<p>&nbsp;<\/p>\n<p><strong>Podboj za TE\u0160 \u0160O\u0160TANJ s potiskanjem za\u0161\u010ditne kovinske cevi DN 1420mm v dol\u017eini 24 metrov.<\/strong><\/p>\n<p><img loading=\"lazy\" decoding=\"async\" class=\"wp-image-177 alignnone size-full\" src=\"http:\/\/vrtine-polak.si\/wp-content\/uploads\/2024\/05\/horizont2.png\" alt=\"\" width=\"301\" height=\"264\" \/> <img loading=\"lazy\" decoding=\"async\" class=\"wp-image-179 alignnone size-full\" src=\"http:\/\/vrtine-polak.si\/wp-content\/uploads\/2024\/05\/horizont4.png\" alt=\"\" width=\"300\" height=\"266\" \/><\/p>\n<p><img loading=\"lazy\" decoding=\"async\" class=\"wp-image-178 alignnone size-full\" src=\"http:\/\/vrtine-polak.si\/wp-content\/uploads\/2024\/05\/horizont3.png\" alt=\"\" width=\"300\" height=\"264\" \/> <img loading=\"lazy\" decoding=\"async\" class=\"wp-image-184 alignnone size-full\" src=\"http:\/\/vrtine-polak.si\/wp-content\/uploads\/2024\/05\/horizont1.jpg\" alt=\"\" width=\"300\" height=\"264\" \/><\/p>\n<p>&nbsp;<\/p>\n<p><strong>Podboj za RIMSKE TERME-z kovinsko cevjo DN 1420 mm v dol\u017eini 18 metrov.<\/strong><\/p>\n<p><img loading=\"lazy\" decoding=\"async\" class=\"wp-image-195 alignnone size-medium\" src=\"http:\/\/vrtine-polak.si\/wp-content\/uploads\/2024\/05\/horizont07-300x261.jpg\" alt=\"\" width=\"300\" height=\"261\" srcset=\"https:\/\/vrtine-polak.si\/wp-content\/uploads\/2024\/05\/horizont07-300x261.jpg 300w, https:\/\/vrtine-polak.si\/wp-content\/uploads\/2024\/05\/horizont07.jpg 303w\" sizes=\"auto, (max-width: 300px) 100vw, 300px\" \/> <img loading=\"lazy\" decoding=\"async\" class=\"wp-image-196 alignnone size-full\" src=\"http:\/\/vrtine-polak.si\/wp-content\/uploads\/2024\/05\/horizont7.jpg\" alt=\"\" width=\"301\" height=\"264\" \/> <img loading=\"lazy\" decoding=\"async\" class=\"wp-image-194 alignnone size-full\" src=\"http:\/\/vrtine-polak.si\/wp-content\/uploads\/2024\/05\/horizont6.jpg\" alt=\"\" width=\"301\" height=\"264\" \/> <img loading=\"lazy\" decoding=\"async\" class=\"wp-image-193 alignnone size-medium\" src=\"http:\/\/vrtine-polak.si\/wp-content\/uploads\/2024\/05\/horizont06-300x262.jpg\" alt=\"\" width=\"300\" height=\"262\" srcset=\"https:\/\/vrtine-polak.si\/wp-content\/uploads\/2024\/05\/horizont06-300x262.jpg 300w, https:\/\/vrtine-polak.si\/wp-content\/uploads\/2024\/05\/horizont06.jpg 302w\" sizes=\"auto, (max-width: 300px) 100vw, 300px\" \/> <img loading=\"lazy\" decoding=\"async\" class=\"wp-image-191 alignnone size-full\" src=\"http:\/\/vrtine-polak.si\/wp-content\/uploads\/2024\/05\/horizont05.jpg\" alt=\"\" width=\"301\" height=\"264\" \/> <img loading=\"lazy\" decoding=\"async\" class=\"wp-image-192 alignnone size-full\" src=\"http:\/\/vrtine-polak.si\/wp-content\/uploads\/2024\/05\/horizont5.jpg\" alt=\"\" width=\"300\" height=\"264\" \/><\/p>\n<p>&nbsp;<\/p>\n<p><strong>Preboj s klasi\u010dnim pnevmatskim kladivom v zemljini od II. do IV. ktg. z uvla\u010denjem za\u0161\u010ditne cevi.<\/strong><\/p>\n<p>Ta na\u010din podvrtavanja je zelo enostaven, saj omogo\u010da hiter, enostaven, ter cenovno ugoden na\u010din pre\u010dkanja cest, \u017eeleznic ter druge infrastrukture. Podvrtavanje je primerno predvsem za plinovode, elektrovode, telekomunikacijske vode&#8230; Prednost je v tem, da se ne po\u0161koduje povr\u0161in pod katerimi se vrtanje izvaja. Podvrtavanje se izvaja s pnevmatskim orodjem od fi 65 mm do fi 180 mm z uvla\u010denjem za\u0161\u010ditnih PE\/HD, pvc ali poletilen cevi.<\/p>\n<p>&nbsp;<\/p>\n<p><strong>Podboj z pnevmatskim kladivom &#8211; raketo z uvla\u010denjem za\u0161\u010ditne pvc cevi v dol\u017eini 20 metrov.<\/strong><\/p>\n<p><img loading=\"lazy\" decoding=\"async\" class=\"wp-image-182 alignnone size-medium\" src=\"http:\/\/vrtine-polak.si\/wp-content\/uploads\/2024\/05\/horizont001-300x263.jpg\" alt=\"\" width=\"300\" height=\"263\" srcset=\"https:\/\/vrtine-polak.si\/wp-content\/uploads\/2024\/05\/horizont001-300x263.jpg 300w, https:\/\/vrtine-polak.si\/wp-content\/uploads\/2024\/05\/horizont001.jpg 302w\" sizes=\"auto, (max-width: 300px) 100vw, 300px\" \/> <img loading=\"lazy\" decoding=\"async\" class=\"wp-image-183 alignnone size-medium\" src=\"http:\/\/vrtine-polak.si\/wp-content\/uploads\/2024\/05\/horizont01-300x263.jpg\" alt=\"\" width=\"300\" height=\"263\" srcset=\"https:\/\/vrtine-polak.si\/wp-content\/uploads\/2024\/05\/horizont01-300x263.jpg 300w, https:\/\/vrtine-polak.si\/wp-content\/uploads\/2024\/05\/horizont01.jpg 302w\" sizes=\"auto, (max-width: 300px) 100vw, 300px\" \/><\/p>\n<p><img loading=\"lazy\" decoding=\"async\" class=\"wp-image-185 alignnone size-medium\" src=\"http:\/\/vrtine-polak.si\/wp-content\/uploads\/2024\/05\/horizont002-300x261.jpg\" alt=\"\" width=\"300\" height=\"261\" srcset=\"https:\/\/vrtine-polak.si\/wp-content\/uploads\/2024\/05\/horizont002-300x261.jpg 300w, https:\/\/vrtine-polak.si\/wp-content\/uploads\/2024\/05\/horizont002.jpg 303w\" sizes=\"auto, (max-width: 300px) 100vw, 300px\" \/> <img loading=\"lazy\" decoding=\"async\" class=\"wp-image-186 alignnone size-medium\" src=\"http:\/\/vrtine-polak.si\/wp-content\/uploads\/2024\/05\/horizont02-300x261.jpg\" alt=\"\" width=\"300\" height=\"261\" srcset=\"https:\/\/vrtine-polak.si\/wp-content\/uploads\/2024\/05\/horizont02-300x261.jpg 300w, https:\/\/vrtine-polak.si\/wp-content\/uploads\/2024\/05\/horizont02.jpg 303w\" sizes=\"auto, (max-width: 300px) 100vw, 300px\" \/><\/p>\n<p>&nbsp;<\/p>\n<p><strong>Uvla\u010denje za\u0161\u010ditne poletilen cevi DN 50 mm za optiko v dol\u017eini 25 metrov.<\/strong><\/p>\n<p><img loading=\"lazy\" decoding=\"async\" class=\"wp-image-188 alignnone size-full\" src=\"http:\/\/vrtine-polak.si\/wp-content\/uploads\/2024\/05\/horizont03.jpg\" alt=\"\" width=\"303\" height=\"263\" srcset=\"https:\/\/vrtine-polak.si\/wp-content\/uploads\/2024\/05\/horizont03.jpg 303w, https:\/\/vrtine-polak.si\/wp-content\/uploads\/2024\/05\/horizont03-300x260.jpg 300w\" sizes=\"auto, (max-width: 303px) 100vw, 303px\" \/><\/p>\n<p>[\/et_pb_text][\/et_pb_column][\/et_pb_row][\/et_pb_section][et_pb_section fb_built=&#8221;1&#8243; _builder_version=&#8221;4.25.1&#8243; _module_preset=&#8221;default&#8221; global_colors_info=&#8221;{}&#8221;][et_pb_row _builder_version=&#8221;4.25.1&#8243; _module_preset=&#8221;default&#8221; global_colors_info=&#8221;{}&#8221;][et_pb_column type=&#8221;4_4&#8243; _builder_version=&#8221;4.25.1&#8243; _module_preset=&#8221;default&#8221; global_colors_info=&#8221;{}&#8221;][\/et_pb_column][\/et_pb_row][\/et_pb_section][et_pb_section fb_built=&#8221;1&#8243; fullwidth=&#8221;on&#8221; _builder_version=&#8221;4.25.1&#8243; _module_preset=&#8221;default&#8221; global_colors_info=&#8221;{}&#8221;][et_pb_fullwidth_image _builder_version=&#8221;4.25.1&#8243; _module_preset=&#8221;default&#8221; background_color=&#8221;#3f3f3f&#8221; min_height=&#8221;50px&#8221; max_height=&#8221;50px&#8221; global_colors_info=&#8221;{}&#8221;][\/et_pb_fullwidth_image][\/et_pb_section]<\/p>\n","protected":false},"excerpt":{"rendered":"<p>Horizontalne vrtine &nbsp; Preboj s potiskanjem kovinske za\u0161\u010ditne cevi v zemljini od II. do IV. ktg. Podvrtavanje se izvaja po sistemu nabijanja za\u0161\u010ditne kovinske cevi. Izdelava tak\u0161nih podbojev je mo\u017ena v zemljini II, III in IV. ktg. (zemlja, ilovica, prod, kamenje manj\u0161ih frakcij, mulj &#8230;). Mo\u017eno ga je izvesti na minimalni globini pod cesti\u0161\u010dem, \u017eeleznico [&hellip;]<\/p>\n","protected":false},"author":1,"featured_media":0,"parent":0,"menu_order":0,"comment_status":"closed","ping_status":"closed","template":"page-template-blank.php","meta":{"_et_pb_use_builder":"on","_et_pb_old_content":"","_et_gb_content_width":"","footnotes":""},"class_list":["post-82","page","type-page","status-publish","hentry"],"_links":{"self":[{"href":"https:\/\/vrtine-polak.si\/index.php?rest_route=\/wp\/v2\/pages\/82","targetHints":{"allow":["GET"]}}],"collection":[{"href":"https:\/\/vrtine-polak.si\/index.php?rest_route=\/wp\/v2\/pages"}],"about":[{"href":"https:\/\/vrtine-polak.si\/index.php?rest_route=\/wp\/v2\/types\/page"}],"author":[{"embeddable":true,"href":"https:\/\/vrtine-polak.si\/index.php?rest_route=\/wp\/v2\/users\/1"}],"replies":[{"embeddable":true,"href":"https:\/\/vrtine-polak.si\/index.php?rest_route=%2Fwp%2Fv2%2Fcomments&post=82"}],"version-history":[{"count":8,"href":"https:\/\/vrtine-polak.si\/index.php?rest_route=\/wp\/v2\/pages\/82\/revisions"}],"predecessor-version":[{"id":217,"href":"https:\/\/vrtine-polak.si\/index.php?rest_route=\/wp\/v2\/pages\/82\/revisions\/217"}],"wp:attachment":[{"href":"https:\/\/vrtine-polak.si\/index.php?rest_route=%2Fwp%2Fv2%2Fmedia&parent=82"}],"curies":[{"name":"wp","href":"https:\/\/api.w.org\/{rel}","templated":true}]}}